{"id":3383,"date":"2021-01-11T16:56:46","date_gmt":"2021-01-11T15:56:46","guid":{"rendered":"https:\/\/www.leygatech.com\/?page_id=3383"},"modified":"2021-01-11T16:56:46","modified_gmt":"2021-01-11T15:56:46","slug":"personnal-datas","status":"publish","type":"page","link":"https:\/\/www.leygatech.com\/en\/personnal-datas\/","title":{"rendered":"Personnal datas"},"content":{"rendered":"\t\t<div data-elementor-type=\"wp-page\" data-elementor-id=\"3383\" class=\"elementor elementor-3383 elementor-2187\" data-elementor-post-type=\"page\">\n\t\t\t\t\t\t<section class=\"elementor-section elementor-top-section elementor-element elementor-element-4bae24d elementor-section-boxed elementor-section-height-default elementor-section-height-default\" data-id=\"4bae24d\" data-element_type=\"section\">\n\t\t\t\t\t\t<div class=\"elementor-container elementor-column-gap-default\">\n\t\t\t\t\t<div class=\"elementor-column elementor-col-100 elementor-top-column elementor-element elementor-element-63d856b\" data-id=\"63d856b\" data-element_type=\"column\">\n\t\t\t<div class=\"elementor-widget-wrap elementor-element-populated\">\n\t\t\t\t\t\t<div class=\"elementor-element elementor-element-a7b4b13 elementor-widget elementor-widget-image\" data-id=\"a7b4b13\" data-element_type=\"widget\" data-widget_type=\"image.default\">\n\t\t\t\t<div class=\"elementor-widget-container\">\n\t\t\t\t\t\t\t\t\t\t\t\t\t<img decoding=\"async\" width=\"1344\" height=\"26\" src=\"https:\/\/www.leygatech.com\/wp-content\/uploads\/2020\/07\/separateur-full-width.png\" class=\"attachment-full size-full wp-image-372\" alt=\"\" srcset=\"https:\/\/www.leygatech.com\/wp-content\/uploads\/2020\/07\/separateur-full-width.png 1344w, https:\/\/www.leygatech.com\/wp-content\/uploads\/2020\/07\/separateur-full-width-300x6.png 300w, https:\/\/www.leygatech.com\/wp-content\/uploads\/2020\/07\/separateur-full-width-1024x20.png 1024w, https:\/\/www.leygatech.com\/wp-content\/uploads\/2020\/07\/separateur-full-width-768x15.png 768w\" sizes=\"(max-width: 1344px) 100vw, 1344px\" \/>\t\t\t\t\t\t\t\t\t\t\t\t\t<\/div>\n\t\t\t\t<\/div>\n\t\t\t\t\t<\/div>\n\t\t<\/div>\n\t\t\t\t\t<\/div>\n\t\t<\/section>\n\t\t\t\t<section class=\"elementor-section elementor-top-section elementor-element elementor-element-b288e36 elementor-section-boxed elementor-section-height-default elementor-section-height-default\" data-id=\"b288e36\" data-element_type=\"section\">\n\t\t\t\t\t\t<div class=\"elementor-container elementor-column-gap-default\">\n\t\t\t\t\t<div class=\"elementor-column elementor-col-33 elementor-top-column elementor-element elementor-element-aa74b7c\" data-id=\"aa74b7c\" data-element_type=\"column\">\n\t\t\t<div class=\"elementor-widget-wrap elementor-element-populated\">\n\t\t\t\t\t\t<div class=\"elementor-element elementor-element-b0779b7 elementor-hidden-phone elementor-widget elementor-widget-image\" data-id=\"b0779b7\" data-element_type=\"widget\" data-widget_type=\"image.default\">\n\t\t\t\t<div class=\"elementor-widget-container\">\n\t\t\t\t\t\t\t\t\t\t\t\t\t<img decoding=\"async\" width=\"188\" height=\"190\" src=\"https:\/\/www.leygatech.com\/wp-content\/uploads\/2020\/06\/hexa-right.png\" class=\"attachment-large size-large wp-image-198\" alt=\"\" \/>\t\t\t\t\t\t\t\t\t\t\t\t\t<\/div>\n\t\t\t\t<\/div>\n\t\t\t\t\t<\/div>\n\t\t<\/div>\n\t\t\t\t<div class=\"elementor-column elementor-col-66 elementor-top-column elementor-element elementor-element-c1ffabd\" data-id=\"c1ffabd\" data-element_type=\"column\">\n\t\t\t<div class=\"elementor-widget-wrap elementor-element-populated\">\n\t\t\t\t\t\t<div class=\"elementor-element elementor-element-cd58d4f elementor-widget elementor-widget-heading\" data-id=\"cd58d4f\" data-element_type=\"widget\" data-widget_type=\"heading.default\">\n\t\t\t\t<div class=\"elementor-widget-container\">\n\t\t\t<h2 class=\"elementor-heading-title elementor-size-default\">Informations<\/h2>\t\t<\/div>\n\t\t\t\t<\/div>\n\t\t\t\t<div class=\"elementor-element elementor-element-f8a6c89 elementor-widget elementor-widget-heading\" data-id=\"f8a6c89\" data-element_type=\"widget\" data-widget_type=\"heading.default\">\n\t\t\t\t<div class=\"elementor-widget-container\">\n\t\t\t<h2 class=\"elementor-heading-title elementor-size-default\">Your personnal datas<\/h2>\t\t<\/div>\n\t\t\t\t<\/div>\n\t\t\t\t\t<\/div>\n\t\t<\/div>\n\t\t\t\t\t<\/div>\n\t\t<\/section>\n\t\t\t\t<section class=\"elementor-section elementor-top-section elementor-element elementor-element-dcbb1c6 elementor-section-boxed elementor-section-height-default elementor-section-height-default\" data-id=\"dcbb1c6\" data-element_type=\"section\">\n\t\t\t\t\t\t<div class=\"elementor-container elementor-column-gap-default\">\n\t\t\t\t\t<div class=\"elementor-column elementor-col-33 elementor-top-column elementor-element elementor-element-a94dbe9\" data-id=\"a94dbe9\" data-element_type=\"column\">\n\t\t\t<div class=\"elementor-widget-wrap\">\n\t\t\t\t\t\t\t<\/div>\n\t\t<\/div>\n\t\t\t\t<div class=\"elementor-column elementor-col-33 elementor-top-column elementor-element elementor-element-c5b7917\" data-id=\"c5b7917\" data-element_type=\"column\">\n\t\t\t<div class=\"elementor-widget-wrap elementor-element-populated\">\n\t\t\t\t\t\t<div class=\"elementor-element elementor-element-4b2d3d7 elementor-widget elementor-widget-text-editor\" data-id=\"4b2d3d7\" data-element_type=\"widget\" data-widget_type=\"text-editor.default\">\n\t\t\t\t<div class=\"elementor-widget-container\">\n\t\t\t\t\t\t\t<p><strong>Vos donn\u00e9es personnelles \u2013 Inscription \u00e0 la Newsletter<\/strong><\/p><p>Votre inscription \u00e0 la Newsletter conduit l\u2019entreprise LEYGATECH \u00e0 conserver vos coordonn\u00e9es afin de pouvoir vous adresser celle-ci. Vos donn\u00e9es ne seront transmises \u00e0 aucun tiers. Elles seront conserv\u00e9es tant que vous ne formulez pas votre souhait de vous d\u00e9sinscrire du service, ce que vous pouvez demander \u00e0 tout moment en envoyant un mail \u00e0 : <a href=\"mailto:leygatech@leygatech.fr\">leygatech@leygatech.fr<\/a> avec le simple message \u00ab STOP \u00bb.<\/p><p>Conform\u00e9ment \u00e0 la loi du 6 janvier 1978 modifi\u00e9e et au r\u00e8glement europ\u00e9en du 27 avril 2016, vous b\u00e9n\u00e9ficiez d\u2019un droit d\u2019acc\u00e8s, de modification, de portabilit\u00e9, de suppression et d\u2019opposition au traitement des donn\u00e9es personnelles vous concernant. Vous pouvez exercer ces droits en envoyant un e-mail \u00e0 : <a href=\"mailto:leygatech@leygatech.fr\">leygatech@leygatech.fr<\/a><\/p><p>Pour toute information compl\u00e9mentaire ou r\u00e9clamation : <a href=\"https:\/\/www.cnil.fr\" target=\"_blank\" rel=\"noopener\">www.cnil.fr<\/a>.<\/p><p><strong>Vos donn\u00e9es personnelles \u2013 Recrutement<\/strong><\/p><p>Le fait de d\u00e9poser une candidature spontan\u00e9e sur notre site, ou bien de postuler, \u00e0 une offre d\u2019emploi ou de stage diffus\u00e9e sur notre site, conduit l\u2019entreprise LEYGATECH \u00e0 conserver vos coordonn\u00e9es afin de pouvoir vous r\u00e9pondre. Vos donn\u00e9es ne seront transmises \u00e0 aucun tiers. Elles seront conserv\u00e9es tant que vous ne formulez pas votre souhait de vous d\u00e9sinscrire du service, ce que vous pouvez demander \u00e0 tout moment en envoyant un mail \u00e0 : <a href=\"mailto:leygatech@leygatech.fr\">leygatech@leygatech.fr<\/a> avec le simple message \u00ab STOP \u00bb.<\/p><p>Conform\u00e9ment \u00e0 la loi du 6 janvier 1978 modifi\u00e9e et au r\u00e8glement europ\u00e9en du 27 avril 2016, vous b\u00e9n\u00e9ficiez d\u2019un droit d\u2019acc\u00e8s, de modification, de portabilit\u00e9, de suppression et d\u2019opposition au traitement des donn\u00e9es personnelles vous concernant. Vous pouvez exercer ces droits en envoyant un e-mail \u00e0 : <a href=\"mailto:leygatech@leygatech.fr\">leygatech@leygatech.fr<\/a><\/p><p>Pour toute information compl\u00e9mentaire ou r\u00e9clamation : <a href=\"https:\/\/www.cnil.fr\" target=\"_blank\" rel=\"noopener\">www.cnil.fr<\/a>.<\/p><p><strong>Vos donn\u00e9es personnelles \u2013 Contacts Leygatech<\/strong><\/p><p>Le fait d\u2019adresser un mail \u00e0 l&#8217;un de nos services (commercial, Relations Presse, &#8230;) conduit l\u2019entreprise LEYGATECH \u00e0 conserver vos coordonn\u00e9es afin de pouvoir vous r\u00e9pondre. Vos donn\u00e9es ne seront transmises \u00e0 aucun tiers. Elles seront conserv\u00e9es tant que vous ne formulez pas votre souhait de vous d\u00e9sinscrire du service, ce que vous pouvez demander \u00e0 tout moment en envoyant un mail \u00e0 : <a href=\"mailto:leygatech@leygatech.fr\">leygatech@leygatech.fr<\/a> avec le simple message \u00ab STOP \u00bb.<\/p><p>Conform\u00e9ment \u00e0 la loi du 6 janvier 1978 modifi\u00e9e et au r\u00e8glement europ\u00e9en du 27 avril 2016, vous b\u00e9n\u00e9ficiez d\u2019un droit d\u2019acc\u00e8s, de modification, de portabilit\u00e9, de suppression et d\u2019opposition au traitement des donn\u00e9es personnelles vous concernant. Vous pouvez exercer ces droits en envoyant un e-mail \u00e0 : <a href=\"mailto:leygatech@leygatech.fr\" target=\"_blank\" rel=\"noopener\">leygatech@leygatech.fr<\/a><\/p><p>Pour toute information compl\u00e9mentaire ou r\u00e9clamation : <a href=\"https:\/\/www.cnil.fr\">www.cnil.fr<\/a>.<\/p>\t\t\t\t\t\t<\/div>\n\t\t\t\t<\/div>\n\t\t\t\t\t<\/div>\n\t\t<\/div>\n\t\t\t\t<div class=\"elementor-column elementor-col-33 elementor-top-column elementor-element elementor-element-49aecbe\" data-id=\"49aecbe\" data-element_type=\"column\">\n\t\t\t<div class=\"elementor-widget-wrap\">\n\t\t\t\t\t\t\t<\/div>\n\t\t<\/div>\n\t\t\t\t\t<\/div>\n\t\t<\/section>\n\t\t\t\t<section class=\"elementor-section elementor-top-section elementor-element elementor-element-9c6cc71 elementor-section-boxed elementor-section-height-default elementor-section-height-default\" data-id=\"9c6cc71\" data-element_type=\"section\">\n\t\t\t\t\t\t<div class=\"elementor-container elementor-column-gap-default\">\n\t\t\t\t\t<div class=\"elementor-column elementor-col-100 elementor-top-column elementor-element elementor-element-3298756\" data-id=\"3298756\" data-element_type=\"column\">\n\t\t\t<div class=\"elementor-widget-wrap\">\n\t\t\t\t\t\t\t<\/div>\n\t\t<\/div>\n\t\t\t\t\t<\/div>\n\t\t<\/section>\n\t\t\t\t<\/div>\n\t\t","protected":false},"excerpt":{"rendered":"<p>Informations Your personnal datas Vos donn\u00e9es personnelles \u2013 Inscription \u00e0 la Newsletter Votre inscription \u00e0 la Newsletter conduit l\u2019entreprise LEYGATECH \u00e0 conserver vos coordonn\u00e9es afin de pouvoir vous adresser celle-ci. Vos donn\u00e9es ne seront transmises \u00e0 aucun tiers. Elles seront conserv\u00e9es tant que vous ne formulez pas votre souhait de vous d\u00e9sinscrire du service, ce [&hellip;]<\/p>\n","protected":false},"author":1,"featured_media":0,"parent":0,"menu_order":0,"comment_status":"closed","ping_status":"closed","template":"","meta":{"_acf_changed":false,"footnotes":""},"class_list":["post-3383","page","type-page","status-publish","hentry"],"acf":[],"yoast_head":"<!-- This site is optimized with the Yoast SEO plugin v22.2 - https:\/\/yoast.com\/wordpress\/plugins\/seo\/ -->\n<title>Personnal datas - Leygatech<\/title>\n<meta name=\"robots\" content=\"index, follow, max-snippet:-1, max-image-preview:large, max-video-preview:-1\" \/>\n<link rel=\"canonical\" href=\"https:\/\/www.leygatech.com\/en\/personnal-datas\/\" \/>\n<meta property=\"og:locale\" content=\"en_US\" \/>\n<meta property=\"og:type\" content=\"article\" \/>\n<meta property=\"og:title\" content=\"Personnal datas - Leygatech\" \/>\n<meta property=\"og:description\" content=\"Informations Your personnal datas Vos donn\u00e9es personnelles \u2013 Inscription \u00e0 la Newsletter Votre inscription \u00e0 la Newsletter conduit l\u2019entreprise LEYGATECH \u00e0 conserver vos coordonn\u00e9es afin de pouvoir vous adresser celle-ci. Vos donn\u00e9es ne seront transmises \u00e0 aucun tiers. Elles seront conserv\u00e9es tant que vous ne formulez pas votre souhait de vous d\u00e9sinscrire du service, ce [&hellip;]\" \/>\n<meta property=\"og:url\" content=\"https:\/\/www.leygatech.com\/en\/personnal-datas\/\" \/>\n<meta property=\"og:site_name\" content=\"Leygatech\" \/>\n<meta property=\"og:image\" content=\"https:\/\/www.leygatech.com\/wp-content\/uploads\/2020\/07\/separateur-full-width.png\" \/>\n<meta name=\"twitter:card\" content=\"summary_large_image\" \/>\n<meta name=\"twitter:label1\" content=\"Est. reading time\" \/>\n\t<meta name=\"twitter:data1\" content=\"2 minutes\" \/>\n<script type=\"application\/ld+json\" class=\"yoast-schema-graph\">{\"@context\":\"https:\/\/schema.org\",\"@graph\":[{\"@type\":\"WebPage\",\"@id\":\"https:\/\/www.leygatech.com\/en\/personnal-datas\/\",\"url\":\"https:\/\/www.leygatech.com\/en\/personnal-datas\/\",\"name\":\"Personnal datas - Leygatech\",\"isPartOf\":{\"@id\":\"https:\/\/www.leygatech.com\/en\/#website\"},\"primaryImageOfPage\":{\"@id\":\"https:\/\/www.leygatech.com\/en\/personnal-datas\/#primaryimage\"},\"image\":{\"@id\":\"https:\/\/www.leygatech.com\/en\/personnal-datas\/#primaryimage\"},\"thumbnailUrl\":\"https:\/\/www.leygatech.com\/wp-content\/uploads\/2020\/07\/separateur-full-width.png\",\"datePublished\":\"2021-01-11T15:56:46+00:00\",\"dateModified\":\"2021-01-11T15:56:46+00:00\",\"breadcrumb\":{\"@id\":\"https:\/\/www.leygatech.com\/en\/personnal-datas\/#breadcrumb\"},\"inLanguage\":\"en-US\",\"potentialAction\":[{\"@type\":\"ReadAction\",\"target\":[\"https:\/\/www.leygatech.com\/en\/personnal-datas\/\"]}]},{\"@type\":\"ImageObject\",\"inLanguage\":\"en-US\",\"@id\":\"https:\/\/www.leygatech.com\/en\/personnal-datas\/#primaryimage\",\"url\":\"https:\/\/www.leygatech.com\/wp-content\/uploads\/2020\/07\/separateur-full-width.png\",\"contentUrl\":\"https:\/\/www.leygatech.com\/wp-content\/uploads\/2020\/07\/separateur-full-width.png\",\"width\":1344,\"height\":26},{\"@type\":\"BreadcrumbList\",\"@id\":\"https:\/\/www.leygatech.com\/en\/personnal-datas\/#breadcrumb\",\"itemListElement\":[{\"@type\":\"ListItem\",\"position\":1,\"name\":\"Accueil\",\"item\":\"https:\/\/www.leygatech.com\/en\/\"},{\"@type\":\"ListItem\",\"position\":2,\"name\":\"Personnal datas\"}]},{\"@type\":\"WebSite\",\"@id\":\"https:\/\/www.leygatech.com\/en\/#website\",\"url\":\"https:\/\/www.leygatech.com\/en\/\",\"name\":\"Leygatech\",\"description\":\"Un site utilisant WordPress\",\"publisher\":{\"@id\":\"https:\/\/www.leygatech.com\/en\/#organization\"},\"potentialAction\":[{\"@type\":\"SearchAction\",\"target\":{\"@type\":\"EntryPoint\",\"urlTemplate\":\"https:\/\/www.leygatech.com\/en\/?s={search_term_string}\"},\"query-input\":\"required name=search_term_string\"}],\"inLanguage\":\"en-US\"},{\"@type\":\"Organization\",\"@id\":\"https:\/\/www.leygatech.com\/en\/#organization\",\"name\":\"Leygatech\",\"url\":\"https:\/\/www.leygatech.com\/en\/\",\"logo\":{\"@type\":\"ImageObject\",\"inLanguage\":\"en-US\",\"@id\":\"https:\/\/www.leygatech.com\/en\/#\/schema\/logo\/image\/\",\"url\":\"https:\/\/www.leygatech.com\/wp-content\/uploads\/2020\/06\/logo-leygatech-couleur.png\",\"contentUrl\":\"https:\/\/www.leygatech.com\/wp-content\/uploads\/2020\/06\/logo-leygatech-couleur.png\",\"width\":140,\"height\":98,\"caption\":\"Leygatech\"},\"image\":{\"@id\":\"https:\/\/www.leygatech.com\/en\/#\/schema\/logo\/image\/\"}}]}<\/script>\n<!-- \/ Yoast SEO plugin. -->","yoast_head_json":{"title":"Personnal datas - Leygatech","robots":{"index":"index","follow":"follow","max-snippet":"max-snippet:-1","max-image-preview":"max-image-preview:large","max-video-preview":"max-video-preview:-1"},"canonical":"https:\/\/www.leygatech.com\/en\/personnal-datas\/","og_locale":"en_US","og_type":"article","og_title":"Personnal datas - Leygatech","og_description":"Informations Your personnal datas Vos donn\u00e9es personnelles \u2013 Inscription \u00e0 la Newsletter Votre inscription \u00e0 la Newsletter conduit l\u2019entreprise LEYGATECH \u00e0 conserver vos coordonn\u00e9es afin de pouvoir vous adresser celle-ci. Vos donn\u00e9es ne seront transmises \u00e0 aucun tiers. Elles seront conserv\u00e9es tant que vous ne formulez pas votre souhait de vous d\u00e9sinscrire du service, ce [&hellip;]","og_url":"https:\/\/www.leygatech.com\/en\/personnal-datas\/","og_site_name":"Leygatech","og_image":[{"url":"https:\/\/www.leygatech.com\/wp-content\/uploads\/2020\/07\/separateur-full-width.png"}],"twitter_card":"summary_large_image","twitter_misc":{"Est. reading time":"2 minutes"},"schema":{"@context":"https:\/\/schema.org","@graph":[{"@type":"WebPage","@id":"https:\/\/www.leygatech.com\/en\/personnal-datas\/","url":"https:\/\/www.leygatech.com\/en\/personnal-datas\/","name":"Personnal datas - Leygatech","isPartOf":{"@id":"https:\/\/www.leygatech.com\/en\/#website"},"primaryImageOfPage":{"@id":"https:\/\/www.leygatech.com\/en\/personnal-datas\/#primaryimage"},"image":{"@id":"https:\/\/www.leygatech.com\/en\/personnal-datas\/#primaryimage"},"thumbnailUrl":"https:\/\/www.leygatech.com\/wp-content\/uploads\/2020\/07\/separateur-full-width.png","datePublished":"2021-01-11T15:56:46+00:00","dateModified":"2021-01-11T15:56:46+00:00","breadcrumb":{"@id":"https:\/\/www.leygatech.com\/en\/personnal-datas\/#breadcrumb"},"inLanguage":"en-US","potentialAction":[{"@type":"ReadAction","target":["https:\/\/www.leygatech.com\/en\/personnal-datas\/"]}]},{"@type":"ImageObject","inLanguage":"en-US","@id":"https:\/\/www.leygatech.com\/en\/personnal-datas\/#primaryimage","url":"https:\/\/www.leygatech.com\/wp-content\/uploads\/2020\/07\/separateur-full-width.png","contentUrl":"https:\/\/www.leygatech.com\/wp-content\/uploads\/2020\/07\/separateur-full-width.png","width":1344,"height":26},{"@type":"BreadcrumbList","@id":"https:\/\/www.leygatech.com\/en\/personnal-datas\/#breadcrumb","itemListElement":[{"@type":"ListItem","position":1,"name":"Accueil","item":"https:\/\/www.leygatech.com\/en\/"},{"@type":"ListItem","position":2,"name":"Personnal datas"}]},{"@type":"WebSite","@id":"https:\/\/www.leygatech.com\/en\/#website","url":"https:\/\/www.leygatech.com\/en\/","name":"Leygatech","description":"Un site utilisant WordPress","publisher":{"@id":"https:\/\/www.leygatech.com\/en\/#organization"},"potentialAction":[{"@type":"SearchAction","target":{"@type":"EntryPoint","urlTemplate":"https:\/\/www.leygatech.com\/en\/?s={search_term_string}"},"query-input":"required name=search_term_string"}],"inLanguage":"en-US"},{"@type":"Organization","@id":"https:\/\/www.leygatech.com\/en\/#organization","name":"Leygatech","url":"https:\/\/www.leygatech.com\/en\/","logo":{"@type":"ImageObject","inLanguage":"en-US","@id":"https:\/\/www.leygatech.com\/en\/#\/schema\/logo\/image\/","url":"https:\/\/www.leygatech.com\/wp-content\/uploads\/2020\/06\/logo-leygatech-couleur.png","contentUrl":"https:\/\/www.leygatech.com\/wp-content\/uploads\/2020\/06\/logo-leygatech-couleur.png","width":140,"height":98,"caption":"Leygatech"},"image":{"@id":"https:\/\/www.leygatech.com\/en\/#\/schema\/logo\/image\/"}}]}},"_links":{"self":[{"href":"https:\/\/www.leygatech.com\/en\/wp-json\/wp\/v2\/pages\/3383"}],"collection":[{"href":"https:\/\/www.leygatech.com\/en\/wp-json\/wp\/v2\/pages"}],"about":[{"href":"https:\/\/www.leygatech.com\/en\/wp-json\/wp\/v2\/types\/page"}],"author":[{"embeddable":true,"href":"https:\/\/www.leygatech.com\/en\/wp-json\/wp\/v2\/users\/1"}],"replies":[{"embeddable":true,"href":"https:\/\/www.leygatech.com\/en\/wp-json\/wp\/v2\/comments?post=3383"}],"version-history":[{"count":4,"href":"https:\/\/www.leygatech.com\/en\/wp-json\/wp\/v2\/pages\/3383\/revisions"}],"predecessor-version":[{"id":3387,"href":"https:\/\/www.leygatech.com\/en\/wp-json\/wp\/v2\/pages\/3383\/revisions\/3387"}],"wp:attachment":[{"href":"https:\/\/www.leygatech.com\/en\/wp-json\/wp\/v2\/media?parent=3383"}],"curies":[{"name":"wp","href":"https:\/\/api.w.org\/{rel}","templated":true}]}}